{"id":113,"date":"2020-03-06T09:38:48","date_gmt":"2020-03-06T08:38:48","guid":{"rendered":"https:\/\/obecracin.cz\/w\/?page_id=113"},"modified":"2025-07-16T13:30:52","modified_gmt":"2025-07-16T11:30:52","slug":"viceucelove-hriste","status":"publish","type":"page","link":"https:\/\/obecracin.cz\/w\/viceucelove-hriste\/","title":{"rendered":"V\u00edce\u00fa\u010delov\u00e9 h\u0159i\u0161t\u011b"},"content":{"rendered":"\n<figure class=\"wp-block-table aligncenter is-style-stripes\"><table class=\"has-background\" style=\"background-color:#e9fbe5\"><tbody><tr><td><span style=\"text-decoration: underline;\"><a href=\"https:\/\/obecracin.cz\/w\/wp-content\/uploads\/2022\/08\/hriste.pdf\">Provozn\u00ed \u0159\u00e1d v\u00edce\u00fa\u010delov\u00e9ho h\u0159i\u0161t\u011b<\/a><\/span><\/td><\/tr><\/tbody><\/table><\/figure>\n\n\n<div class=\"wp-block-image\">\n<figure class=\"aligncenter size-large\"><img loading=\"lazy\" decoding=\"async\" width=\"500\" height=\"376\" src=\"https:\/\/obecracin.cz\/w\/wp-content\/uploads\/2020\/03\/p01-2.jpg\" alt=\"\" class=\"wp-image-118\" srcset=\"https:\/\/obecracin.cz\/w\/wp-content\/uploads\/2020\/03\/p01-2.jpg 500w, https:\/\/obecracin.cz\/w\/wp-content\/uploads\/2020\/03\/p01-2-300x226.jpg 300w\" sizes=\"auto, (max-width: 500px) 100vw, 500px\" \/><\/figure><\/div>\n\n\n<p><\/p>\n\n\n<div class=\"wp-block-image\">\n<figure class=\"aligncenter\"><img loading=\"lazy\" decoding=\"async\" width=\"500\" height=\"376\" src=\"https:\/\/obecracin.cz\/w\/wp-content\/uploads\/2020\/03\/p02-1.jpg\" alt=\"\" class=\"wp-image-120\" srcset=\"https:\/\/obecracin.cz\/w\/wp-content\/uploads\/2020\/03\/p02-1.jpg 500w, https:\/\/obecracin.cz\/w\/wp-content\/uploads\/2020\/03\/p02-1-300x226.jpg 300w\" sizes=\"auto, (max-width: 500px) 100vw, 500px\" \/><\/figure><\/div>\n\n\n<p><\/p>\n\n\n<div class=\"wp-block-image\">\n<figure class=\"aligncenter\"><img loading=\"lazy\" decoding=\"async\" width=\"500\" height=\"376\" src=\"https:\/\/obecracin.cz\/w\/wp-content\/uploads\/2020\/03\/p03.jpg\" alt=\"\" class=\"wp-image-121\" srcset=\"https:\/\/obecracin.cz\/w\/wp-content\/uploads\/2020\/03\/p03.jpg 500w, https:\/\/obecracin.cz\/w\/wp-content\/uploads\/2020\/03\/p03-300x226.jpg 300w\" sizes=\"auto, (max-width: 500px) 100vw, 500px\" \/><\/figure><\/div>\n\n\n<p><\/p>\n\n\n<div class=\"wp-block-image\">\n<figure class=\"aligncenter\"><img loading=\"lazy\" decoding=\"async\" width=\"500\" height=\"376\" src=\"https:\/\/obecracin.cz\/w\/wp-content\/uploads\/2020\/03\/p04.jpg\" alt=\"\" class=\"wp-image-122\" srcset=\"https:\/\/obecracin.cz\/w\/wp-content\/uploads\/2020\/03\/p04.jpg 500w, https:\/\/obecracin.cz\/w\/wp-content\/uploads\/2020\/03\/p04-300x226.jpg 300w\" sizes=\"auto, (max-width: 500px) 100vw, 500px\" \/><\/figure><\/div>\n\n\n<p><\/p>\n\n\n<div class=\"wp-block-image\">\n<figure class=\"aligncenter\"><img loading=\"lazy\" decoding=\"async\" width=\"500\" height=\"376\" src=\"https:\/\/obecracin.cz\/w\/wp-content\/uploads\/2020\/03\/p05.jpg\" alt=\"\" class=\"wp-image-123\" srcset=\"https:\/\/obecracin.cz\/w\/wp-content\/uploads\/2020\/03\/p05.jpg 500w, https:\/\/obecracin.cz\/w\/wp-content\/uploads\/2020\/03\/p05-300x226.jpg 300w\" sizes=\"auto, (max-width: 500px) 100vw, 500px\" \/><\/figure><\/div>\n\n\n<p><\/p>\n\n\n<div class=\"wp-block-image\">\n<figure class=\"aligncenter\"><img loading=\"lazy\" decoding=\"async\" width=\"500\" height=\"376\" src=\"https:\/\/obecracin.cz\/w\/wp-content\/uploads\/2020\/03\/p06.jpg\" alt=\"\" class=\"wp-image-124\" srcset=\"https:\/\/obecracin.cz\/w\/wp-content\/uploads\/2020\/03\/p06.jpg 500w, https:\/\/obecracin.cz\/w\/wp-content\/uploads\/2020\/03\/p06-300x226.jpg 300w\" sizes=\"auto, (max-width: 500px) 100vw, 500px\" \/><\/figure><\/div>\n\n\n<p><\/p>\n\n\n<div class=\"wp-block-image\">\n<figure class=\"aligncenter\"><img loading=\"lazy\" decoding=\"async\" width=\"500\" height=\"376\" src=\"https:\/\/obecracin.cz\/w\/wp-content\/uploads\/2020\/03\/p07.jpg\" alt=\"\" class=\"wp-image-125\" srcset=\"https:\/\/obecracin.cz\/w\/wp-content\/uploads\/2020\/03\/p07.jpg 500w, https:\/\/obecracin.cz\/w\/wp-content\/uploads\/2020\/03\/p07-300x226.jpg 300w\" sizes=\"auto, (max-width: 500px) 100vw, 500px\" \/><\/figure><\/div>\n\n\n<p><\/p>\n\n\n<div class=\"wp-block-image\">\n<figure class=\"aligncenter\"><img loading=\"lazy\" decoding=\"async\" width=\"500\" height=\"376\" src=\"https:\/\/obecracin.cz\/w\/wp-content\/uploads\/2020\/03\/p08.jpg\" alt=\"\" class=\"wp-image-126\" srcset=\"https:\/\/obecracin.cz\/w\/wp-content\/uploads\/2020\/03\/p08.jpg 500w, https:\/\/obecracin.cz\/w\/wp-content\/uploads\/2020\/03\/p08-300x226.jpg 300w\" sizes=\"auto, (max-width: 500px) 100vw, 500px\" \/><\/figure><\/div>\n\n\n<p><\/p>\n\n\n<div class=\"wp-block-image\">\n<figure class=\"aligncenter\"><img loading=\"lazy\" decoding=\"async\" width=\"500\" height=\"376\" src=\"https:\/\/obecracin.cz\/w\/wp-content\/uploads\/2020\/03\/p09.jpg\" alt=\"\" class=\"wp-image-127\" srcset=\"https:\/\/obecracin.cz\/w\/wp-content\/uploads\/2020\/03\/p09.jpg 500w, https:\/\/obecracin.cz\/w\/wp-content\/uploads\/2020\/03\/p09-300x226.jpg 300w\" sizes=\"auto, (max-width: 500px) 100vw, 500px\" \/><\/figure><\/div>\n\n\n<p><\/p>\n","protected":false},"excerpt":{"rendered":"<p>Provozn\u00ed \u0159\u00e1d v\u00edce\u00fa\u010delov\u00e9ho h\u0159i\u0161t\u011b<\/p>\n","protected":false},"author":1,"featured_media":0,"parent":0,"menu_order":0,"comment_status":"closed","ping_status":"closed","template":"","meta":{"footnotes":""},"class_list":["post-113","page","type-page","status-publish","hentry"],"_links":{"self":[{"href":"https:\/\/obecracin.cz\/w\/wp-json\/wp\/v2\/pages\/113","targetHints":{"allow":["GET"]}}],"collection":[{"href":"https:\/\/obecracin.cz\/w\/wp-json\/wp\/v2\/pages"}],"about":[{"href":"https:\/\/obecracin.cz\/w\/wp-json\/wp\/v2\/types\/page"}],"author":[{"embeddable":true,"href":"https:\/\/obecracin.cz\/w\/wp-json\/wp\/v2\/users\/1"}],"replies":[{"embeddable":true,"href":"https:\/\/obecracin.cz\/w\/wp-json\/wp\/v2\/comments?post=113"}],"version-history":[{"count":5,"href":"https:\/\/obecracin.cz\/w\/wp-json\/wp\/v2\/pages\/113\/revisions"}],"predecessor-version":[{"id":1132,"href":"https:\/\/obecracin.cz\/w\/wp-json\/wp\/v2\/pages\/113\/revisions\/1132"}],"wp:attachment":[{"href":"https:\/\/obecracin.cz\/w\/wp-json\/wp\/v2\/media?parent=113"}],"curies":[{"name":"wp","href":"https:\/\/api.w.org\/{rel}","templated":true}]}}