{"id":48,"date":"2020-03-06T08:37:44","date_gmt":"2020-03-06T07:37:44","guid":{"rendered":"https:\/\/obecracin.cz\/w\/?page_id=48"},"modified":"2026-02-10T10:06:20","modified_gmt":"2026-02-10T09:06:20","slug":"povinne-informace","status":"publish","type":"page","link":"https:\/\/obecracin.cz\/w\/povinne-informace\/","title":{"rendered":"Povinn\u00e9 informace"},"content":{"rendered":"\n<figure class=\"wp-block-table is-style-stripes\"><table class=\"has-background\" style=\"background-color:#e9fbe5\"><tbody><tr><td><strong>N\u00e1zev<\/strong><\/td><td><strong>Informace<\/strong><\/td><\/tr><tr><td>Ofici\u00e1ln\u00ed n\u00e1zev<\/td><td>Obec Ra\u010d\u00edn<\/td><\/tr><tr><td>D\u016fvod  zp\u016fsob zalo\u017een\u00ed<\/td><td>dle z\u00e1kona \u010d.128\/2000 Sb.<\/td><\/tr><tr><td>Organiza\u010dn\u00ed                           struktura<\/td><td>struktura O\u00da<\/td><\/tr><tr><td>Kontaktn\u00ed                           spojen\u00ed<\/td><td>Obec Ra\u010d\u00edn, Ra\u010d\u00edn 18, 592 11, Velk\u00e1 Losenice                         <\/td><\/tr><tr><td>P\u0159\u00edpadn\u00e9 platby m\u016f\u017eete pouk\u00e1zat<\/td><td><strong>&nbsp;<\/strong>KB, a.s. \u017d\u010f\u00e1r nad S\u00e1zavou<\/td><\/tr><tr><td>I\u010cO<\/td><td>00842311                                                                                 <\/td><\/tr><tr><td>DI\u010c<\/td><td>&nbsp;&#8211;<\/td><\/tr><tr><td>Bankovn\u00ed                           spojen\u00ed<\/td><td> 35926751, k\u00f3d banky 0100                           <\/td><\/tr><tr><td>Rozpo\u010det v tomto a&nbsp;p\u0159edchoz\u00edm roce<\/td><td><span style=\"text-decoration: underline;\"><a aria-label=\"rozpo\u010det                           - odkaz (otev\u0159e se na nov\u00e9 z\u00e1lo\u017ece)\" href=\"https:\/\/e-deska.cz\/racin\/index.php?slozka=1501\" target=\"_blank\" rel=\"noreferrer noopener\">rozpo\u010det<\/a><\/span><\/td><\/tr><tr><td>Reklama\u010dn\u00ed \u0159\u00e1d pro provoz vodovodu a kanalizace<\/td><td><span style=\"text-decoration: underline;\"><a href=\"https:\/\/obecracin.cz\/w\/wp-content\/uploads\/2022\/03\/rad.pdf\">\u0159\u00e1d<\/a><\/span><\/td><\/tr><tr><td>\u017d\u00e1dosti o informace<\/td><td>&#8211; <a href=\"https:\/\/obecracin.cz\/w\/kontakty\/\"><span style=\"text-decoration: underline;\">osobn\u011b na O\u00da v \u00fa\u0159edn\u00ed hodiny<\/span><\/a><br>&#8211; p\u00edsemn\u011b                         <\/td><\/tr><tr><td>P\u0159\u00edjem \u017e\u00e1dost\u00ed a dal\u0161\u00edch pod\u00e1n\u00ed<\/td><td>&#8211; <a href=\"https:\/\/obecracin.cz\/w\/kontakty\/\"><span style=\"text-decoration: underline;\">osobn\u011b na O\u00da v \u00fa\u0159edn\u00ed hodiny<\/span><\/a><\/td><\/tr><tr><td>Opravn\u00e9 prost\u0159edky<\/td><td>&#8211; <a href=\"https:\/\/obecracin.cz\/w\/kontakty\/\"><span style=\"text-decoration: underline;\">osobn\u011b na O\u00da v \u00fa\u0159edn\u00ed hodiny<\/span><\/a><\/td><\/tr><tr><td>Formul\u00e1\u0159e<\/td><td>&#8211; <a href=\"https:\/\/obecracin.cz\/w\/kontakty\/\"><span style=\"text-decoration: underline;\">osobn\u011b na O\u00da v \u00fa\u0159edn\u00ed hodiny<\/span><\/a><a href=\"http:\/\/obecracin.cz\/uredhod.htm\"><br><\/a>Doporu\u010dujeme tak\u00e9 <span style=\"text-decoration: underline;\"><a aria-label=\"str\u00e1nku                           Ministerstva vnitra (otev\u0159e se na nov\u00e9 z\u00e1lo\u017ece)\" rel=\"noreferrer noopener\" href=\"https:\/\/www.mvcr.cz\/\" target=\"_blank\">str\u00e1nku Ministerstva vnitra<\/a><\/span>.                         <\/td><\/tr><tr><td>N\u00e1vody pro \u0159e\u0161en\u00ed nejr\u016fzn\u011bj\u0161\u00edch \u017eivotn\u00edch situac\u00ed<\/td><td><\/td><\/tr><tr><td>Nejd\u016fle\u017eit\u011bj\u0161\u00ed                           p\u0159edpisy<\/td><td>&#8211; z\u00e1kon \u010d. 128\/2000 Sb.<br>&#8211; z\u00e1kon \u010d. 106\/1999 Sb.<br>&#8211; organiza\u010dn\u00ed \u0159\u00e1dy a intern\u00ed p\u0159edpisy<\/td><\/tr><tr><td>Sazebn\u00edk \u00fahrad za poskytov\u00e1n\u00ed informac\u00ed<\/td><td><a href=\"https:\/\/obecracin.cz\/w\/wp-content\/uploads\/2023\/04\/sazebnik.pdf\"><span style=\"text-decoration: underline;\">Sazebn\u00edk \u00fahrad za poskytov\u00e1n\u00ed informac\u00ed<\/span><\/a><\/td><\/tr><tr><td>V\u00fdro\u010dn\u00ed zpr\u00e1va podle z\u00e1kona \u010d. 106\/1999 Sb.<\/td><td><span style=\"text-decoration: underline;\"><a href=\"https:\/\/obecracin.cz\/w\/wp-content\/uploads\/2026\/02\/v-2025.doc\">V\u00fdro\u010dn\u00ed zpr\u00e1va 2025<\/a><\/span><br><span style=\"text-decoration: underline;\"><a href=\"https:\/\/obecracin.cz\/w\/wp-content\/uploads\/2025\/02\/v2024.doc\">V\u00fdro\u010dn\u00ed zpr\u00e1va 2024<\/a><\/span><br><span style=\"text-decoration: underline;\"><a href=\"https:\/\/obecracin.cz\/w\/wp-content\/uploads\/2025\/02\/v2023.doc\">V\u00fdro\u010dn\u00ed zpr\u00e1va 2023<\/a><\/span><br><a href=\"https:\/\/obecracin.cz\/w\/wp-content\/uploads\/2023\/04\/2022.doc\"><span style=\"text-decoration: underline;\">V\u00fdro\u010dn\u00ed zpr\u00e1va 2022<\/span><\/a> <br><a href=\"https:\/\/obecracin.cz\/w\/wp-content\/uploads\/2023\/04\/2021.docx\"><span style=\"text-decoration: underline;\">V\u00fdro\u010dn\u00ed zpr\u00e1va 2021<\/span><\/a> <br><span style=\"text-decoration: underline;\"><a href=\"https:\/\/obecracin.cz\/w\/wp-content\/uploads\/2023\/04\/2020.docx\">V\u00fdro\u010dn\u00ed zpr\u00e1va 2020<\/a><\/span> <br><span style=\"text-decoration: underline;\"><a href=\"https:\/\/obecracin.cz\/w\/wp-content\/uploads\/2023\/04\/2019.docx\">V\u00fdro\u010dn\u00ed zpr\u00e1va 2019<\/a><\/span><\/td><\/tr><tr><td>Seznam organizac\u00ed<\/td><td><\/td><\/tr><\/tbody><\/table><\/figure>\n\n\n\n<p><\/p>\n\n\n\n<p><\/p>\n","protected":false},"excerpt":{"rendered":"<p>N\u00e1zev Informace Ofici\u00e1ln\u00ed n\u00e1zev Obec Ra\u010d\u00edn D\u016fvod zp\u016fsob zalo\u017een\u00ed dle z\u00e1kona \u010d.128\/2000 Sb. Organiza\u010dn\u00ed struktura struktura O\u00da Kontaktn\u00ed spojen\u00ed Obec Ra\u010d\u00edn, Ra\u010d\u00edn 18, 592 11, Velk\u00e1 Losenice P\u0159\u00edpadn\u00e9 platby m\u016f\u017eete pouk\u00e1zat &nbsp;KB, a.s. \u017d\u010f\u00e1r nad S\u00e1zavou I\u010cO 00842311 DI\u010c &nbsp;&#8211; Bankovn\u00ed spojen\u00ed 35926751, k\u00f3d banky 0100 Rozpo\u010det v tomto a&nbsp;p\u0159edchoz\u00edm roce rozpo\u010det Reklama\u010dn\u00ed \u0159\u00e1d pro [&hellip;]<\/p>\n","protected":false},"author":1,"featured_media":0,"parent":0,"menu_order":0,"comment_status":"closed","ping_status":"closed","template":"","meta":{"footnotes":""},"class_list":["post-48","page","type-page","status-publish","hentry"],"_links":{"self":[{"href":"https:\/\/obecracin.cz\/w\/wp-json\/wp\/v2\/pages\/48","targetHints":{"allow":["GET"]}}],"collection":[{"href":"https:\/\/obecracin.cz\/w\/wp-json\/wp\/v2\/pages"}],"about":[{"href":"https:\/\/obecracin.cz\/w\/wp-json\/wp\/v2\/types\/page"}],"author":[{"embeddable":true,"href":"https:\/\/obecracin.cz\/w\/wp-json\/wp\/v2\/users\/1"}],"replies":[{"embeddable":true,"href":"https:\/\/obecracin.cz\/w\/wp-json\/wp\/v2\/comments?post=48"}],"version-history":[{"count":29,"href":"https:\/\/obecracin.cz\/w\/wp-json\/wp\/v2\/pages\/48\/revisions"}],"predecessor-version":[{"id":1307,"href":"https:\/\/obecracin.cz\/w\/wp-json\/wp\/v2\/pages\/48\/revisions\/1307"}],"wp:attachment":[{"href":"https:\/\/obecracin.cz\/w\/wp-json\/wp\/v2\/media?parent=48"}],"curies":[{"name":"wp","href":"https:\/\/api.w.org\/{rel}","templated":true}]}}