{"id":495,"date":"2021-10-15T09:04:36","date_gmt":"2021-10-15T07:04:36","guid":{"rendered":"https:\/\/obecracin.cz\/w\/?page_id=495"},"modified":"2025-07-16T13:32:06","modified_gmt":"2025-07-16T11:32:06","slug":"novy-vodni-zdroj-hvr-1-a-doplneni-technologie-na-vodojemu-racin","status":"publish","type":"page","link":"https:\/\/obecracin.cz\/w\/novy-vodni-zdroj-hvr-1-a-doplneni-technologie-na-vodojemu-racin\/","title":{"rendered":"Nov\u00fd vodn\u00ed zdroj HVR-1 a dopln\u011bn\u00ed technologie na vodojemu Ra\u010d\u00edn"},"content":{"rendered":"<div class=\"wp-block-image\">\n<figure class=\"aligncenter size-large\"><img loading=\"lazy\" decoding=\"async\" width=\"604\" height=\"90\" src=\"https:\/\/obecracin.cz\/w\/wp-content\/uploads\/2021\/10\/pb01-1.jpg\" alt=\"\" class=\"wp-image-496\" srcset=\"https:\/\/obecracin.cz\/w\/wp-content\/uploads\/2021\/10\/pb01-1.jpg 604w, https:\/\/obecracin.cz\/w\/wp-content\/uploads\/2021\/10\/pb01-1-300x45.jpg 300w\" sizes=\"auto, (max-width: 604px) 100vw, 604px\" \/><\/figure><\/div>\n\n\n<p><\/p>\n\n\n\n<p><strong>Tento projekt je spolufinancov\u00e1n St\u00e1tn\u00edm fondem \u017eivotn\u00edho prost\u0159ed\u00ed \u010cesk\u00e9 republiky na z\u00e1klad\u011b rozhodnut\u00ed ministra \u017eivotn\u00edho prost\u0159ed\u00ed.<\/strong><br><br>Investor: Obec Ra\u010d\u00edn Datum zah\u00e1jen\u00ed realizace projektu: 18. 2. 2021<br>Dodavatel: VODASERVIS s.r.o. <br>Datum nejzaz\u0161\u00edho dokon\u010den\u00ed projektu: 30. 6. 2021<br><br><strong>Celkov\u00e9 zp\u016fsobil\u00e9 v\u00fddaje: 917 422 K\u010d<\/strong><br>V\u00fd\u0161e p\u0159\u00edsp\u011bvku SF\u017dP \u010cR: 642 195 K\u010d<br>V\u00fd\u0161e p\u0159\u00edsp\u011bvku \u017eadatele: 275 227 K\u010d<br><br>St\u00e1tn\u00ed fond \u017eivotn\u00edho prost\u0159ed\u00ed \u010cR: <span style=\"text-decoration: underline;\"><a href=\"http:\/\/www.sfzp.cz\">www.sfzp.cz<\/a><\/span> <br>Ministerstvo \u017eivotn\u00edho prost\u0159ed\u00ed: <span style=\"text-decoration: underline;\"><a href=\"http:\/\/www.mzp.cz\">www.mzp.cz<\/a><\/span><\/p>\n","protected":false},"excerpt":{"rendered":"<p>Tento projekt je spolufinancov\u00e1n St\u00e1tn\u00edm fondem \u017eivotn\u00edho prost\u0159ed\u00ed \u010cesk\u00e9 republiky na z\u00e1klad\u011b rozhodnut\u00ed ministra \u017eivotn\u00edho prost\u0159ed\u00ed. Investor: Obec Ra\u010d\u00edn Datum zah\u00e1jen\u00ed realizace projektu: 18. 2. 2021Dodavatel: VODASERVIS s.r.o. Datum nejzaz\u0161\u00edho dokon\u010den\u00ed projektu: 30. 6. 2021 Celkov\u00e9 zp\u016fsobil\u00e9 v\u00fddaje: 917 422 K\u010dV\u00fd\u0161e p\u0159\u00edsp\u011bvku SF\u017dP \u010cR: 642 195 K\u010dV\u00fd\u0161e p\u0159\u00edsp\u011bvku \u017eadatele: 275 227 K\u010d St\u00e1tn\u00ed fond \u017eivotn\u00edho [&hellip;]<\/p>\n","protected":false},"author":1,"featured_media":0,"parent":0,"menu_order":0,"comment_status":"closed","ping_status":"closed","template":"","meta":{"footnotes":""},"class_list":["post-495","page","type-page","status-publish","hentry"],"_links":{"self":[{"href":"https:\/\/obecracin.cz\/w\/wp-json\/wp\/v2\/pages\/495","targetHints":{"allow":["GET"]}}],"collection":[{"href":"https:\/\/obecracin.cz\/w\/wp-json\/wp\/v2\/pages"}],"about":[{"href":"https:\/\/obecracin.cz\/w\/wp-json\/wp\/v2\/types\/page"}],"author":[{"embeddable":true,"href":"https:\/\/obecracin.cz\/w\/wp-json\/wp\/v2\/users\/1"}],"replies":[{"embeddable":true,"href":"https:\/\/obecracin.cz\/w\/wp-json\/wp\/v2\/comments?post=495"}],"version-history":[{"count":2,"href":"https:\/\/obecracin.cz\/w\/wp-json\/wp\/v2\/pages\/495\/revisions"}],"predecessor-version":[{"id":1134,"href":"https:\/\/obecracin.cz\/w\/wp-json\/wp\/v2\/pages\/495\/revisions\/1134"}],"wp:attachment":[{"href":"https:\/\/obecracin.cz\/w\/wp-json\/wp\/v2\/media?parent=495"}],"curies":[{"name":"wp","href":"https:\/\/api.w.org\/{rel}","templated":true}]}}