{"id":499,"date":"2021-10-25T11:36:05","date_gmt":"2021-10-25T09:36:05","guid":{"rendered":"https:\/\/obecracin.cz\/w\/?page_id=499"},"modified":"2021-10-25T11:36:06","modified_gmt":"2021-10-25T09:36:06","slug":"racinska-hospudka","status":"publish","type":"page","link":"https:\/\/obecracin.cz\/w\/racinska-hospudka\/","title":{"rendered":"Ra\u010d\u00ednsk\u00e1 hosp\u016fdka"},"content":{"rendered":"\n<p><strong>Petr Bure\u0161<\/strong><br><strong>I\u010cO: 09059512<\/strong><br><strong>telefon 606 174 913<\/strong><\/p>\n","protected":false},"excerpt":{"rendered":"<p>Petr Bure\u0161I\u010cO: 09059512telefon 606 174 913<\/p>\n","protected":false},"author":1,"featured_media":0,"parent":0,"menu_order":0,"comment_status":"closed","ping_status":"closed","template":"","meta":{"footnotes":""},"class_list":["post-499","page","type-page","status-publish","hentry"],"_links":{"self":[{"href":"https:\/\/obecracin.cz\/w\/wp-json\/wp\/v2\/pages\/499","targetHints":{"allow":["GET"]}}],"collection":[{"href":"https:\/\/obecracin.cz\/w\/wp-json\/wp\/v2\/pages"}],"about":[{"href":"https:\/\/obecracin.cz\/w\/wp-json\/wp\/v2\/types\/page"}],"author":[{"embeddable":true,"href":"https:\/\/obecracin.cz\/w\/wp-json\/wp\/v2\/users\/1"}],"replies":[{"embeddable":true,"href":"https:\/\/obecracin.cz\/w\/wp-json\/wp\/v2\/comments?post=499"}],"version-history":[{"count":1,"href":"https:\/\/obecracin.cz\/w\/wp-json\/wp\/v2\/pages\/499\/revisions"}],"predecessor-version":[{"id":501,"href":"https:\/\/obecracin.cz\/w\/wp-json\/wp\/v2\/pages\/499\/revisions\/501"}],"wp:attachment":[{"href":"https:\/\/obecracin.cz\/w\/wp-json\/wp\/v2\/media?parent=499"}],"curies":[{"name":"wp","href":"https:\/\/api.w.org\/{rel}","templated":true}]}}