{"id":60,"date":"2020-03-06T08:46:24","date_gmt":"2020-03-06T07:46:24","guid":{"rendered":"https:\/\/obecracin.cz\/w\/?page_id=60"},"modified":"2025-07-16T13:30:28","modified_gmt":"2025-07-16T11:30:28","slug":"statisticke-udaje","status":"publish","type":"page","link":"https:\/\/obecracin.cz\/w\/statisticke-udaje\/","title":{"rendered":"Statistick\u00e9 \u00fadaje"},"content":{"rendered":"\n<figure class=\"wp-block-table is-style-stripes\"><table class=\"has-background\" style=\"background-color:#e9fbe5\"><tbody><tr><td><strong>Po\u010det \u010d\u00e1st\u00ed<\/strong><\/td><td>1<\/td><\/tr><tr><td><strong>Katastr\u00e1ln\u00ed v\u00fdm\u011bra<\/strong><\/td><td>390&nbsp;ha.<\/td><\/tr><tr><td><strong>Nadmo\u0159sk\u00e1 v\u00fd\u0161ka<\/strong><\/td><td>658&nbsp;m n. m.<\/td><\/tr><tr><td><strong>Po\u010det obyvatel<\/strong><\/td><td>147<\/td><\/tr><tr><td><strong>Po\u0161ta<\/strong><\/td><td>ne<\/td><\/tr><tr><td><strong>Zdravotn\u00ed  st\u0159edisko<\/strong><\/td><td>ne<\/td><\/tr><tr><td><strong>Policie<\/strong><\/td><td>ne<\/td><\/tr><tr><td><strong>\u0160kola<\/strong><\/td><td>ne<\/td><\/tr><tr><td><strong>Vodovod<\/strong><\/td><td>ano<\/td><\/tr><tr><td><strong>Plynofikace<\/strong><\/td><td>ne<\/td><\/tr><tr><td><strong>Kanalizace (\u010cOV)<\/strong><\/td><td>ano<\/td><\/tr><\/tbody><\/table><\/figure>\n\n\n<div class=\"wp-block-image\">\n<figure class=\"aligncenter size-large\"><img loading=\"lazy\" decoding=\"async\" width=\"504\" height=\"379\" src=\"https:\/\/obecracin.cz\/w\/wp-content\/uploads\/2020\/03\/p02-4.jpg\" alt=\"\" class=\"wp-image-278\" srcset=\"https:\/\/obecracin.cz\/w\/wp-content\/uploads\/2020\/03\/p02-4.jpg 504w, https:\/\/obecracin.cz\/w\/wp-content\/uploads\/2020\/03\/p02-4-300x226.jpg 300w\" sizes=\"auto, (max-width: 504px) 100vw, 504px\" \/><\/figure><\/div>\n\n\n<p><\/p>\n","protected":false},"excerpt":{"rendered":"<p>Po\u010det \u010d\u00e1st\u00ed 1 Katastr\u00e1ln\u00ed v\u00fdm\u011bra 390&nbsp;ha. Nadmo\u0159sk\u00e1 v\u00fd\u0161ka 658&nbsp;m n. m. Po\u010det obyvatel 147 Po\u0161ta ne Zdravotn\u00ed st\u0159edisko ne Policie ne \u0160kola ne Vodovod ano Plynofikace ne Kanalizace (\u010cOV) ano<\/p>\n","protected":false},"author":1,"featured_media":0,"parent":0,"menu_order":0,"comment_status":"closed","ping_status":"closed","template":"","meta":{"footnotes":""},"class_list":["post-60","page","type-page","status-publish","hentry"],"_links":{"self":[{"href":"https:\/\/obecracin.cz\/w\/wp-json\/wp\/v2\/pages\/60","targetHints":{"allow":["GET"]}}],"collection":[{"href":"https:\/\/obecracin.cz\/w\/wp-json\/wp\/v2\/pages"}],"about":[{"href":"https:\/\/obecracin.cz\/w\/wp-json\/wp\/v2\/types\/page"}],"author":[{"embeddable":true,"href":"https:\/\/obecracin.cz\/w\/wp-json\/wp\/v2\/users\/1"}],"replies":[{"embeddable":true,"href":"https:\/\/obecracin.cz\/w\/wp-json\/wp\/v2\/comments?post=60"}],"version-history":[{"count":8,"href":"https:\/\/obecracin.cz\/w\/wp-json\/wp\/v2\/pages\/60\/revisions"}],"predecessor-version":[{"id":1131,"href":"https:\/\/obecracin.cz\/w\/wp-json\/wp\/v2\/pages\/60\/revisions\/1131"}],"wp:attachment":[{"href":"https:\/\/obecracin.cz\/w\/wp-json\/wp\/v2\/media?parent=60"}],"curies":[{"name":"wp","href":"https:\/\/api.w.org\/{rel}","templated":true}]}}