{"id":72,"date":"2020-03-06T08:59:24","date_gmt":"2020-03-06T07:59:24","guid":{"rendered":"https:\/\/obecracin.cz\/w\/?page_id=72"},"modified":"2021-10-04T09:59:35","modified_gmt":"2021-10-04T07:59:35","slug":"gdpr","status":"publish","type":"page","link":"https:\/\/obecracin.cz\/w\/gdpr\/","title":{"rendered":"GDPR"},"content":{"rendered":"\n<p>Pov\u011b\u0159ence pro ochranu osobn\u00edch \u00fadaj\u016f vykon\u00e1v\u00e1:&nbsp;<\/p>\n\n\n\n<p><strong>Mgr. et Bc. Lubo\u0161 Kliment<\/strong>, advok\u00e1t a pov\u011b\u0159enec pro ochranu osobn\u00edch \u00fadaj\u016f,&nbsp;<\/p>\n\n\n\n<p>I\u010c: 71461884<br>ev. \u010d. osv\u011bd\u010den\u00ed \u010cAK 11300<br>mobil: 776 233 879<br>email: <a rel=\"noreferrer noopener\" href=\"mailto:GDPR@akkliment.cz\" target=\"_blank\"><span style=\"text-decoration: underline;\">GDPR@akkliment.cz<\/span><\/a><br>ID datov\u00e9 schr\u00e1nky ideg93s<\/p>\n\n\n\n<figure class=\"wp-block-table aligncenter is-style-stripes\"><table class=\"has-subtle-pale-green-background-color has-background\"><tbody><tr><td class=\"has-text-align-center\" data-align=\"center\"><span style=\"text-decoration: underline;\"><a href=\"https:\/\/obecracin.cz\/w\/wp-content\/uploads\/2021\/10\/zadost.docx\">\u017d\u00e1dost subjektu \u00fadaj\u016f dle GDPR<\/a><\/span><\/td><\/tr><tr><td class=\"has-text-align-center\" data-align=\"center\"><span style=\"text-decoration: underline;\"><a href=\"https:\/\/obecracin.cz\/w\/wp-content\/uploads\/2020\/03\/g01.doc\" target=\"_blank\" rel=\"noreferrer noopener\" aria-label=\"Z\u00e1kladn\u00ed pravidla postup\u016f souvisej\u00edc\u00edch se zpracov\u00e1n\u00edm osobn\u00edch \u00fadaj\u016f (otev\u0159e se na nov\u00e9 z\u00e1lo\u017ece)\">Z\u00e1kladn\u00ed pravidla postup\u016f souvisej\u00edc\u00edch se zpracov\u00e1n\u00edm osobn\u00edch \u00fadaj\u016f<\/a><\/span><\/td><\/tr><tr><td class=\"has-text-align-center\" data-align=\"center\"><span style=\"text-decoration: underline;\"><a href=\"https:\/\/obecracin.cz\/w\/wp-content\/uploads\/2020\/03\/g02.doc\" target=\"_blank\" rel=\"noreferrer noopener\" aria-label=\"Z\u00e1znam o \u010dinnostech zpracov\u00e1n\u00ed \u2013 VZTAHY S VE\u0158EJNOST\u00cd A PREZENTACE OBCE (otev\u0159e se na nov\u00e9 z\u00e1lo\u017ece)\">Z\u00e1znam o \u010dinnostech zpracov\u00e1n\u00ed \u2013 VZTAHY S VE\u0158EJNOST\u00cd A PREZENTACE OBCE<\/a><\/span><\/td><\/tr><tr><td class=\"has-text-align-center\" data-align=\"center\"><span style=\"text-decoration: underline;\"><a href=\"https:\/\/obecracin.cz\/w\/wp-content\/uploads\/2020\/03\/g03.doc\" target=\"_blank\" rel=\"noreferrer noopener\" aria-label=\"Z\u00e1znam o \u010dinnostech zpracov\u00e1n\u00ed - VOLBY (otev\u0159e se na nov\u00e9 z\u00e1lo\u017ece)\">Z\u00e1znam o \u010dinnostech zpracov\u00e1n\u00ed &#8211; VOLBY<\/a><\/span><\/td><\/tr><tr><td class=\"has-text-align-center\" data-align=\"center\"><span style=\"text-decoration: underline;\"><a href=\"https:\/\/obecracin.cz\/w\/wp-content\/uploads\/2020\/03\/g04.doc\" target=\"_blank\" rel=\"noreferrer noopener\" aria-label=\"Z\u00e1znam o \u010dinnostech zpracov\u00e1n\u00ed \u2013 SPR\u00c1VN\u00cd \u0158\u00cdZEN\u00cd (otev\u0159e se na nov\u00e9 z\u00e1lo\u017ece)\">Z\u00e1znam o \u010dinnostech zpracov\u00e1n\u00ed \u2013 SPR\u00c1VN\u00cd \u0158\u00cdZEN\u00cd<\/a><\/span><\/td><\/tr><tr><td class=\"has-text-align-center\" data-align=\"center\"><span style=\"text-decoration: underline;\"><a href=\"https:\/\/obecracin.cz\/w\/wp-content\/uploads\/2020\/03\/g05.doc\" target=\"_blank\" rel=\"noreferrer noopener\" aria-label=\"Z\u00e1znam o \u010dinnostech zpracov\u00e1n\u00ed \u2013 SOCI\u00c1LN\u00cd SLU\u017dBY, POMOC V HMOTN\u00c9 NOUZI, VE\u0158EJN\u00c9 OPATROVNICTV\u00cd (otev\u0159e se na nov\u00e9 z\u00e1lo\u017ece)\">Z\u00e1znam o \u010dinnostech zpracov\u00e1n\u00ed \u2013 SOCI\u00c1LN\u00cd SLU\u017dBY, POMOC V HMOTN\u00c9 NOUZI, VE\u0158EJN\u00c9 OPATROVNICTV\u00cd<\/a><\/span><\/td><\/tr><tr><td class=\"has-text-align-center\" data-align=\"center\"><span style=\"text-decoration: underline;\"><a href=\"https:\/\/obecracin.cz\/w\/wp-content\/uploads\/2020\/03\/g06.doc\" target=\"_blank\" rel=\"noreferrer noopener\" aria-label=\"Z\u00e1znam o \u010dinnostech zpracov\u00e1n\u00ed \u2013 P\u0158ESTUPKY (otev\u0159e se na nov\u00e9 z\u00e1lo\u017ece)\">Z\u00e1znam o \u010dinnostech zpracov\u00e1n\u00ed \u2013 P\u0158ESTUPKY<\/a><\/span><\/td><\/tr><tr><td class=\"has-text-align-center\" data-align=\"center\"><span style=\"text-decoration: underline;\"><a href=\"https:\/\/obecracin.cz\/w\/wp-content\/uploads\/2020\/03\/g07.doc\" target=\"_blank\" rel=\"noreferrer noopener\" aria-label=\"Z\u00e1znam o \u010dinnostech zpracov\u00e1n\u00ed - PERSONALISTIKA (otev\u0159e se na nov\u00e9 z\u00e1lo\u017ece)\">Z\u00e1znam o \u010dinnostech zpracov\u00e1n\u00ed &#8211; PERSONALISTIKA<\/a><\/span><\/td><\/tr><tr><td class=\"has-text-align-center\" data-align=\"center\"><span style=\"text-decoration: underline;\"><a href=\"https:\/\/obecracin.cz\/w\/wp-content\/uploads\/2020\/03\/g08.doc\" target=\"_blank\" rel=\"noreferrer noopener\" aria-label=\"Z\u00e1znam o \u010dinnostech zpracov\u00e1n\u00ed \u2013 Ov\u011b\u0159ov\u00e1n\u00ed (otev\u0159e se na nov\u00e9 z\u00e1lo\u017ece)\">Z\u00e1znam o \u010dinnostech zpracov\u00e1n\u00ed \u2013 Ov\u011b\u0159ov\u00e1n\u00ed<\/a><\/span><\/td><\/tr><tr><td class=\"has-text-align-center\" data-align=\"center\"><span style=\"text-decoration: underline;\"><a href=\"https:\/\/obecracin.cz\/w\/wp-content\/uploads\/2020\/03\/g09.doc\" target=\"_blank\" rel=\"noreferrer noopener\" aria-label=\"Z\u00e1znam o \u010dinnostech zpracov\u00e1n\u00ed \u2013 M\u00cdSTN\u00cd POPLATKY (otev\u0159e se na nov\u00e9 z\u00e1lo\u017ece)\">Z\u00e1znam o \u010dinnostech zpracov\u00e1n\u00ed \u2013 M\u00cdSTN\u00cd POPLATKY<\/a><\/span><\/td><\/tr><tr><td class=\"has-text-align-center\" data-align=\"center\"><span style=\"text-decoration: underline;\"><a href=\"https:\/\/obecracin.cz\/w\/wp-content\/uploads\/2020\/03\/g10.doc\" target=\"_blank\" rel=\"noreferrer noopener\" aria-label=\"Z\u00e1znam o \u010dinnostech zpracov\u00e1n\u00ed \u2013 Matrika (otev\u0159e se na nov\u00e9 z\u00e1lo\u017ece)\">Z\u00e1znam o \u010dinnostech zpracov\u00e1n\u00ed \u2013 Matrika<\/a><\/span><\/td><\/tr><tr><td class=\"has-text-align-center\" data-align=\"center\"><span style=\"text-decoration: underline;\"><a href=\"https:\/\/obecracin.cz\/w\/wp-content\/uploads\/2020\/03\/g11.doc\" target=\"_blank\" rel=\"noreferrer noopener\" aria-label=\"Z\u00e1znam o \u010dinnostech zpracov\u00e1n\u00ed \u2013 HOSPODA\u0158EN\u00cd OBCE (otev\u0159e se na nov\u00e9 z\u00e1lo\u017ece)\">Z\u00e1znam o \u010dinnostech zpracov\u00e1n\u00ed \u2013 HOSPODA\u0158EN\u00cd OBCE<\/a><\/span><\/td><\/tr><tr><td class=\"has-text-align-center\" data-align=\"center\"><span style=\"text-decoration: underline;\"><a href=\"https:\/\/obecracin.cz\/w\/wp-content\/uploads\/2020\/03\/g12.doc\" target=\"_blank\" rel=\"noreferrer noopener\" aria-label=\"Z\u00e1kladn\u00ed pravidla postup\u016f souvisej\u00edc\u00edch se zpracov\u00e1n\u00edm osobn\u00edch \u00fadaj\u016f (otev\u0159e se na nov\u00e9 z\u00e1lo\u017ece)\">Z\u00e1kladn\u00ed pravidla postup\u016f souvisej\u00edc\u00edch se zpracov\u00e1n\u00edm osobn\u00edch \u00fadaj\u016f<\/a><\/span><\/td><\/tr><tr><td class=\"has-text-align-center\" data-align=\"center\"><span style=\"text-decoration: underline;\"><a href=\"https:\/\/obecracin.cz\/w\/wp-content\/uploads\/2020\/03\/g13.doc\" target=\"_blank\" rel=\"noreferrer noopener\" aria-label=\"Z\u00e1znam o \u010dinnostech zpracov\u00e1n\u00ed \u2013 Czech POINT (otev\u0159e se na nov\u00e9 z\u00e1lo\u017ece)\">Z\u00e1znam o \u010dinnostech zpracov\u00e1n\u00ed \u2013 Czech POINT<\/a><\/span><\/td><\/tr><tr><td class=\"has-text-align-center\" data-align=\"center\"><span style=\"text-decoration: underline;\"><a href=\"https:\/\/obecracin.cz\/w\/wp-content\/uploads\/2021\/10\/zasady-1.docxc\" target=\"_blank\" rel=\"noreferrer noopener\" aria-label=\" (otev\u0159e se na nov\u00e9 z\u00e1lo\u017ece)\">Z\u00c1SADY OCHRANY OSOBN\u00cdCH \u00daDAJ\u016e<\/a><\/span><\/td><\/tr><tr><td class=\"has-text-align-center\" data-align=\"center\"><span style=\"text-decoration: underline;\"><a href=\"https:\/\/obecracin.cz\/w\/wp-content\/uploads\/2020\/03\/g15.doc\" target=\"_blank\" rel=\"noreferrer noopener\" aria-label=\"N\u00c1MITKA PROTI ZPRACOV\u00c1N\u00cd OSOBN\u00cdCH \u00daDAJ\u016e (otev\u0159e se na nov\u00e9 z\u00e1lo\u017ece)\">N\u00c1MITKA PROTI ZPRACOV\u00c1N\u00cd OSOBN\u00cdCH \u00daDAJ\u016e<\/a><\/span><\/td><\/tr><tr><td class=\"has-text-align-center\" data-align=\"center\"><span style=\"text-decoration: underline;\"><a href=\"https:\/\/obecracin.cz\/w\/wp-content\/uploads\/2020\/03\/g16.doc\" target=\"_blank\" rel=\"noreferrer noopener\" aria-label=\"\u017d\u00c1DOST O P\u0158ENOS OSOBN\u00cdCH \u00daDAJ\u016e (otev\u0159e se na nov\u00e9 z\u00e1lo\u017ece)\">\u017d\u00c1DOST O P\u0158ENOS OSOBN\u00cdCH \u00daDAJ\u016e<\/a><\/span><\/td><\/tr><tr><td class=\"has-text-align-center\" data-align=\"center\"><span style=\"text-decoration: underline;\"><a href=\"https:\/\/obecracin.cz\/w\/wp-content\/uploads\/2020\/03\/g17.doc\" target=\"_blank\" rel=\"noreferrer noopener\" aria-label=\"\u017d\u00c1DOST O OMEZEN\u00cd ZPRACOV\u00c1N\u00cd OSOBN\u00cdCH \u00daDAJ\u016e (otev\u0159e se na nov\u00e9 z\u00e1lo\u017ece)\">\u017d\u00c1DOST O OMEZEN\u00cd ZPRACOV\u00c1N\u00cd OSOBN\u00cdCH \u00daDAJ\u016e<\/a><\/span><\/td><\/tr><tr><td class=\"has-text-align-center\" data-align=\"center\"><span style=\"text-decoration: underline;\"><a href=\"https:\/\/obecracin.cz\/w\/wp-content\/uploads\/2020\/03\/g18.doc\" target=\"_blank\" rel=\"noreferrer noopener\" aria-label=\"\u017d\u00c1DOST O OPRAVU OSOBN\u00cdCH \u00daDAJ\u016e (otev\u0159e se na nov\u00e9 z\u00e1lo\u017ece)\">\u017d\u00c1DOST O OPRAVU OSOBN\u00cdCH \u00daDAJ\u016e<\/a><\/span><\/td><\/tr><tr><td class=\"has-text-align-center\" data-align=\"center\"><span style=\"text-decoration: underline;\"><a href=\"https:\/\/obecracin.cz\/w\/wp-content\/uploads\/2020\/03\/g19.doc\" target=\"_blank\" rel=\"noreferrer noopener\" aria-label=\"\u017d\u00c1DOST O ODSTRAN\u011aN\u00cd OSOBN\u00cdCH \u00daDAJ\u016e (otev\u0159e se na nov\u00e9 z\u00e1lo\u017ece)\">\u017d\u00c1DOST O ODSTRAN\u011aN\u00cd OSOBN\u00cdCH \u00daDAJ\u016e<\/a><\/span><\/td><\/tr><tr><td class=\"has-text-align-center\" data-align=\"center\"><span style=\"text-decoration: underline;\"><a href=\"https:\/\/obecracin.cz\/w\/wp-content\/uploads\/2020\/03\/g20.doc\" target=\"_blank\" rel=\"noreferrer noopener\" aria-label=\"ST\u00cd\u017dNOST NA ZPRACOV\u00c1N\u00cd OSOBN\u00cdCH \u00daDAJ\u016e (otev\u0159e se na nov\u00e9 z\u00e1lo\u017ece)\">ST\u00cd\u017dNOST NA ZPRACOV\u00c1N\u00cd OSOBN\u00cdCH \u00daDAJ\u016e<\/a><\/span><\/td><\/tr><tr><td class=\"has-text-align-center\" data-align=\"center\"><span style=\"text-decoration: underline;\"><a href=\"https:\/\/obecracin.cz\/w\/wp-content\/uploads\/2020\/03\/g21.doc\" target=\"_blank\" rel=\"noreferrer noopener\" aria-label=\"\u017d\u00c1DOST O P\u0158\u00cdSTUP K OSOBN\u00cdM \u00daDAJ\u016eM (otev\u0159e se na nov\u00e9 z\u00e1lo\u017ece)\">\u017d\u00c1DOST O P\u0158\u00cdSTUP K OSOBN\u00cdM \u00daDAJ\u016eM<\/a><\/span><\/td><\/tr><tr><td class=\"has-text-align-center\" data-align=\"center\"><span style=\"text-decoration: underline;\"><a href=\"https:\/\/obecracin.cz\/w\/wp-content\/uploads\/2020\/03\/g22.doc\" target=\"_blank\" rel=\"noreferrer noopener\" aria-label=\"ODVOL\u00c1N\u00cd SOUHLASU SE ZPRACOV\u00c1N\u00cdM OSOBN\u00cdCH \u00daDAJ\u016e (otev\u0159e se na nov\u00e9 z\u00e1lo\u017ece)\">ODVOL\u00c1N\u00cd SOUHLASU SE ZPRACOV\u00c1N\u00cdM OSOBN\u00cdCH \u00daDAJ\u016e<\/a><\/span><\/td><\/tr><\/tbody><\/table><\/figure>\n","protected":false},"excerpt":{"rendered":"<p>Pov\u011b\u0159ence pro ochranu osobn\u00edch \u00fadaj\u016f vykon\u00e1v\u00e1:&nbsp; Mgr. et Bc. Lubo\u0161 Kliment, advok\u00e1t a pov\u011b\u0159enec pro ochranu osobn\u00edch \u00fadaj\u016f,&nbsp; I\u010c: 71461884ev. \u010d. osv\u011bd\u010den\u00ed \u010cAK 11300mobil: 776 233 879email: GDPR@akkliment.czID datov\u00e9 schr\u00e1nky ideg93s \u017d\u00e1dost subjektu \u00fadaj\u016f dle GDPR Z\u00e1kladn\u00ed pravidla postup\u016f souvisej\u00edc\u00edch se zpracov\u00e1n\u00edm osobn\u00edch \u00fadaj\u016f Z\u00e1znam o \u010dinnostech zpracov\u00e1n\u00ed \u2013 VZTAHY S VE\u0158EJNOST\u00cd A PREZENTACE OBCE [&hellip;]<\/p>\n","protected":false},"author":1,"featured_media":0,"parent":0,"menu_order":0,"comment_status":"closed","ping_status":"closed","template":"","meta":{"footnotes":""},"class_list":["post-72","page","type-page","status-publish","hentry"],"_links":{"self":[{"href":"https:\/\/obecracin.cz\/w\/wp-json\/wp\/v2\/pages\/72","targetHints":{"allow":["GET"]}}],"collection":[{"href":"https:\/\/obecracin.cz\/w\/wp-json\/wp\/v2\/pages"}],"about":[{"href":"https:\/\/obecracin.cz\/w\/wp-json\/wp\/v2\/types\/page"}],"author":[{"embeddable":true,"href":"https:\/\/obecracin.cz\/w\/wp-json\/wp\/v2\/users\/1"}],"replies":[{"embeddable":true,"href":"https:\/\/obecracin.cz\/w\/wp-json\/wp\/v2\/comments?post=72"}],"version-history":[{"count":7,"href":"https:\/\/obecracin.cz\/w\/wp-json\/wp\/v2\/pages\/72\/revisions"}],"predecessor-version":[{"id":481,"href":"https:\/\/obecracin.cz\/w\/wp-json\/wp\/v2\/pages\/72\/revisions\/481"}],"wp:attachment":[{"href":"https:\/\/obecracin.cz\/w\/wp-json\/wp\/v2\/media?parent=72"}],"curies":[{"name":"wp","href":"https:\/\/api.w.org\/{rel}","templated":true}]}}