{"id":762,"date":"2023-08-08T11:50:06","date_gmt":"2023-08-08T09:50:06","guid":{"rendered":"https:\/\/obecracin.cz\/w\/?page_id=762"},"modified":"2023-08-08T11:50:07","modified_gmt":"2023-08-08T09:50:07","slug":"podatelna","status":"publish","type":"page","link":"https:\/\/obecracin.cz\/w\/podatelna\/","title":{"rendered":"Podatelna"},"content":{"rendered":"\n<p><strong>\u00dadaje o provozu podatelny<\/strong><br><br> Adresa podatelny pro doru\u010dov\u00e1n\u00ed dokument\u016f v analogov\u00e9 podob\u011b<br><strong> Obecn\u00ed \u00fa\u0159ad Ra\u010d\u00edn<br> Ra\u010d\u00edn \u010dp. 18<br> 592 11 Velk\u00e1 Losenice<\/strong><br><br> \u00da\u0159edn\u00ed hodiny podatelny<br><strong> ka\u017edou st\u0159edu od 9.00 do 11.00 a od 15.00 do 17.00 hodin<\/strong><br><br> Elektronick\u00e1 adresa podatelny<br> <strong><span style=\"text-decoration: underline;\"><a href=\"mailto:obecracin@tiscali.cz\">obecracin@tiscali.cz<\/a><\/span><\/strong><br><br> Identifik\u00e1tor datov\u00e9 schr\u00e1nky<br> <strong>fv9awxy<\/strong><br><br> P\u0159ehled datov\u00fdch form\u00e1t\u016f obsa\u017een\u00fdch v datov\u00e9 zpr\u00e1v\u011b<br><strong> PDF, DOC, DOCX, JPG<\/strong><br><br> P\u0159ehled p\u0159enosn\u00fdch technick\u00fdch nosi\u010d\u016f dat<br><strong> CD, DVD, USB FLASH<\/strong><br><br>Zp\u016fsob nakl\u00e1d\u00e1n\u00ed s datov\u00fdmi zpr\u00e1vami, u kter\u00fdch bude zji\u0161t\u011bn v\u00fdskyt chybn\u00e9ho datov\u00e9ho form\u00e1tu<br><strong>ve\u0159ejnopr\u00e1vn\u00ed p\u016fvodce vyrozum\u00ed odes\u00edlatele o zji\u0161t\u011bn\u00e9 vad\u011b dokumentu a stanov\u00ed dal\u0161\u00ed postup pro jej\u00ed odstran\u011bn\u00ed. Nepoda\u0159\u00ed-li se ve\u0159ejnopr\u00e1vn\u00edmu p\u016fvodci ve spolupr\u00e1ci s odes\u00edlatelem vadu dokumentu odstranit, ve\u0159ejnopr\u00e1vn\u00ed p\u016fvodce dokument nezpracov\u00e1v\u00e1. Dokument v analogov\u00e9 podob\u011b, kter\u00fd je ne\u00fapln\u00fd nebo po\u0161kozen\u00fd tak, \u017ee jej nelze zobrazit u\u017eivatelsky vn\u00edmateln\u00fdm zp\u016fsobem a sou\u010dasn\u011b z n\u011bj nelze ur\u010dit, kdo jej odeslal, ve\u0159ejnopr\u00e1vn\u00ed p\u016fvodce nezpracov\u00e1v\u00e1.<\/strong><\/p>\n","protected":false},"excerpt":{"rendered":"<p>\u00dadaje o provozu podatelny Adresa podatelny pro doru\u010dov\u00e1n\u00ed dokument\u016f v analogov\u00e9 podob\u011b Obecn\u00ed \u00fa\u0159ad Ra\u010d\u00edn Ra\u010d\u00edn \u010dp. 18 592 11 Velk\u00e1 Losenice \u00da\u0159edn\u00ed hodiny podatelny ka\u017edou st\u0159edu od 9.00 do 11.00 a od 15.00 do 17.00 hodin Elektronick\u00e1 adresa podatelny obecracin@tiscali.cz Identifik\u00e1tor datov\u00e9 schr\u00e1nky fv9awxy P\u0159ehled datov\u00fdch form\u00e1t\u016f obsa\u017een\u00fdch v datov\u00e9 zpr\u00e1v\u011b PDF, DOC, DOCX, [&hellip;]<\/p>\n","protected":false},"author":1,"featured_media":0,"parent":0,"menu_order":0,"comment_status":"closed","ping_status":"closed","template":"","meta":{"footnotes":""},"class_list":["post-762","page","type-page","status-publish","hentry"],"_links":{"self":[{"href":"https:\/\/obecracin.cz\/w\/wp-json\/wp\/v2\/pages\/762","targetHints":{"allow":["GET"]}}],"collection":[{"href":"https:\/\/obecracin.cz\/w\/wp-json\/wp\/v2\/pages"}],"about":[{"href":"https:\/\/obecracin.cz\/w\/wp-json\/wp\/v2\/types\/page"}],"author":[{"embeddable":true,"href":"https:\/\/obecracin.cz\/w\/wp-json\/wp\/v2\/users\/1"}],"replies":[{"embeddable":true,"href":"https:\/\/obecracin.cz\/w\/wp-json\/wp\/v2\/comments?post=762"}],"version-history":[{"count":1,"href":"https:\/\/obecracin.cz\/w\/wp-json\/wp\/v2\/pages\/762\/revisions"}],"predecessor-version":[{"id":764,"href":"https:\/\/obecracin.cz\/w\/wp-json\/wp\/v2\/pages\/762\/revisions\/764"}],"wp:attachment":[{"href":"https:\/\/obecracin.cz\/w\/wp-json\/wp\/v2\/media?parent=762"}],"curies":[{"name":"wp","href":"https:\/\/api.w.org\/{rel}","templated":true}]}}