{"id":768,"date":"2023-08-08T12:27:28","date_gmt":"2023-08-08T10:27:28","guid":{"rendered":"https:\/\/obecracin.cz\/w\/?page_id=768"},"modified":"2023-08-08T15:45:40","modified_gmt":"2023-08-08T13:45:40","slug":"mimoradne-situace","status":"publish","type":"page","link":"https:\/\/obecracin.cz\/w\/mimoradne-situace\/","title":{"rendered":"Mimo\u0159\u00e1dn\u00e9 situace"},"content":{"rendered":"\n<p><strong>T\u00eds\u0148ov\u00e1 vol\u00e1n\u00ed<\/strong><br> 112 \u2013 jednotn\u00e9 evropsk\u00e9 \u010d\u00edslo t\u00eds\u0148ov\u00e9ho vol\u00e1n\u00ed<br> 150 \u2013 Hasi\u010dsk\u00fd z\u00e1chrann\u00fd sbor \u010cR<br> 155 \u2013 Zdravotnick\u00e1 z\u00e1chrann\u00e1 slu\u017eba<br> 158 \u2013 Policie \u010cR<br><br><strong>Prvn\u00ed pomoc<\/strong> <strong><span style=\"text-decoration: underline;\"><a href=\"https:\/\/zachrannasluzba.cz\/zaklady-prvni-pomoci\/\">ZDE<\/a><\/span><\/strong><br><br><strong>Jak se zachovat p\u0159i mimo\u0159\u00e1dn\u00fdch ud\u00e1lostech<\/strong> <strong><span style=\"text-decoration: underline;\"><a href=\"https:\/\/infobox.zachranny-kruh.cz\/?ad=175808\">ZDE<\/a><\/span><\/strong><br><\/p>\n","protected":false},"excerpt":{"rendered":"<p>T\u00eds\u0148ov\u00e1 vol\u00e1n\u00ed 112 \u2013 jednotn\u00e9 evropsk\u00e9 \u010d\u00edslo t\u00eds\u0148ov\u00e9ho vol\u00e1n\u00ed 150 \u2013 Hasi\u010dsk\u00fd z\u00e1chrann\u00fd sbor \u010cR 155 \u2013 Zdravotnick\u00e1 z\u00e1chrann\u00e1 slu\u017eba 158 \u2013 Policie \u010cR Prvn\u00ed pomoc ZDE Jak se zachovat p\u0159i mimo\u0159\u00e1dn\u00fdch ud\u00e1lostech ZDE<\/p>\n","protected":false},"author":1,"featured_media":0,"parent":0,"menu_order":0,"comment_status":"closed","ping_status":"closed","template":"","meta":{"footnotes":""},"class_list":["post-768","page","type-page","status-publish","hentry"],"_links":{"self":[{"href":"https:\/\/obecracin.cz\/w\/wp-json\/wp\/v2\/pages\/768","targetHints":{"allow":["GET"]}}],"collection":[{"href":"https:\/\/obecracin.cz\/w\/wp-json\/wp\/v2\/pages"}],"about":[{"href":"https:\/\/obecracin.cz\/w\/wp-json\/wp\/v2\/types\/page"}],"author":[{"embeddable":true,"href":"https:\/\/obecracin.cz\/w\/wp-json\/wp\/v2\/users\/1"}],"replies":[{"embeddable":true,"href":"https:\/\/obecracin.cz\/w\/wp-json\/wp\/v2\/comments?post=768"}],"version-history":[{"count":2,"href":"https:\/\/obecracin.cz\/w\/wp-json\/wp\/v2\/pages\/768\/revisions"}],"predecessor-version":[{"id":773,"href":"https:\/\/obecracin.cz\/w\/wp-json\/wp\/v2\/pages\/768\/revisions\/773"}],"wp:attachment":[{"href":"https:\/\/obecracin.cz\/w\/wp-json\/wp\/v2\/media?parent=768"}],"curies":[{"name":"wp","href":"https:\/\/api.w.org\/{rel}","templated":true}]}}